{"id":3779,"date":"2023-04-02T15:14:34","date_gmt":"2023-04-02T13:14:34","guid":{"rendered":"https:\/\/ogv-oeffingen.de\/?page_id=3779"},"modified":"2023-12-02T15:57:27","modified_gmt":"2023-12-02T14:57:27","slug":"tipps-links","status":"publish","type":"page","link":"https:\/\/ogv-oeffingen.de\/?page_id=3779","title":{"rendered":"Tipps &#038; Links"},"content":{"rendered":"\n<p><strong>F\u00fcr alle, die mehr wissen wollen<\/strong><\/p>\n\n\n\n<div class=\"wp-block-media-text has-media-on-the-right is-stacked-on-mobile has-nv-site-bg-color has-nv-c-1-background-color has-text-color has-background\" style=\"grid-template-columns:auto 35%\"><div class=\"wp-block-media-text__content\">\n<blockquote class=\"wp-block-quote has-text-align-center is-layout-flow wp-block-quote-is-layout-flow\">\n<p>Unkraut ist das, was nach dem J\u00e4ten wieder w\u00e4chst.<\/p>\n<cite>&#8211; Mark Twain &#8211;<\/cite><\/blockquote>\n\n\n\n<p class=\"has-text-align-center\"><strong>Falls ihr noch mehr Tipps und Details wollt, werdet ihr hier f\u00fcndig.<\/strong><\/p>\n<\/div><figure class=\"wp-block-media-text__media\"><img loading=\"lazy\" decoding=\"async\" width=\"300\" height=\"200\" src=\"https:\/\/ogv-oeffingen.de\/wp-content\/uploads\/2022\/11\/08_STOW_2_Pflanztag_Wiese_Scheuer-4-300x200.jpg\" alt=\"\" class=\"wp-image-2567 size-medium\" srcset=\"https:\/\/ogv-oeffingen.de\/wp-content\/uploads\/2022\/11\/08_STOW_2_Pflanztag_Wiese_Scheuer-4-300x200.jpg 300w, https:\/\/ogv-oeffingen.de\/wp-content\/uploads\/2022\/11\/08_STOW_2_Pflanztag_Wiese_Scheuer-4-1024x681.jpg 1024w, https:\/\/ogv-oeffingen.de\/wp-content\/uploads\/2022\/11\/08_STOW_2_Pflanztag_Wiese_Scheuer-4-768x511.jpg 768w, https:\/\/ogv-oeffingen.de\/wp-content\/uploads\/2022\/11\/08_STOW_2_Pflanztag_Wiese_Scheuer-4-1536x1021.jpg 1536w, https:\/\/ogv-oeffingen.de\/wp-content\/uploads\/2022\/11\/08_STOW_2_Pflanztag_Wiese_Scheuer-4-930x620.jpg 930w, https:\/\/ogv-oeffingen.de\/wp-content\/uploads\/2022\/11\/08_STOW_2_Pflanztag_Wiese_Scheuer-4.jpg 2000w\" sizes=\"auto, (max-width: 300px) 100vw, 300px\" \/><\/figure><\/div>\n\n\n\n<div style=\"height:50px\" aria-hidden=\"true\" class=\"wp-block-spacer\"><\/div>\n\n\n\n<div class=\"wp-block-columns is-layout-flex wp-container-core-columns-is-layout-9d6595d7 wp-block-columns-is-layout-flex\">\n<div class=\"wp-block-column is-layout-flow wp-block-column-is-layout-flow\">\n<div class=\"wp-block-columns has-nv-c-1-background-color has-background is-layout-flex wp-container-core-columns-is-layout-9d6595d7 wp-block-columns-is-layout-flex\">\n<div class=\"wp-block-column is-layout-flow wp-block-column-is-layout-flow\">\n<div style=\"height:13px\" aria-hidden=\"true\" class=\"wp-block-spacer\"><\/div>\n\n\n<div class=\"wp-block-image\">\n<figure class=\"aligncenter size-full is-resized\"><a href=\"https:\/\/ogv-oeffingen.de\/?page_id=2511\"><img loading=\"lazy\" decoding=\"async\" width=\"600\" height=\"262\" src=\"https:\/\/ogv-oeffingen.de\/wp-content\/uploads\/2023\/04\/Logo_Eberhartds_Gartentipps_Miniatur.jpg\" alt=\"\" class=\"wp-image-3776\" style=\"width:309px;height:auto\" srcset=\"https:\/\/ogv-oeffingen.de\/wp-content\/uploads\/2023\/04\/Logo_Eberhartds_Gartentipps_Miniatur.jpg 600w, https:\/\/ogv-oeffingen.de\/wp-content\/uploads\/2023\/04\/Logo_Eberhartds_Gartentipps_Miniatur-300x131.jpg 300w\" sizes=\"auto, (max-width: 600px) 100vw, 600px\" \/><\/a><\/figure>\n<\/div><\/div>\n\n\n\n<div class=\"wp-block-column is-layout-flow wp-block-column-is-layout-flow\">\n<figure class=\"wp-block-image size-full is-resized\"><a href=\"https:\/\/ogv-oeffingen.de\/?page_id=2511\"><img loading=\"lazy\" decoding=\"async\" width=\"356\" height=\"266\" src=\"https:\/\/ogv-oeffingen.de\/wp-content\/uploads\/2023\/03\/Gemuese.png\" alt=\"\" class=\"wp-image-3667\" style=\"width:254px;height:189px\" srcset=\"https:\/\/ogv-oeffingen.de\/wp-content\/uploads\/2023\/03\/Gemuese.png 356w, https:\/\/ogv-oeffingen.de\/wp-content\/uploads\/2023\/03\/Gemuese-300x224.png 300w\" sizes=\"auto, (max-width: 356px) 100vw, 356px\" \/><\/a><\/figure>\n<\/div>\n<\/div>\n\n\n\n<p class=\"has-text-align-center has-medium-font-size\"><strong>Eberhards Gartentipps<\/strong><\/p>\n\n\n\n<p class=\"has-text-align-center\">Du brauchst ein paar gute Tipps f\u00fcr dein Gem\u00fcsebeet oder hast vielleicht eine konkrete Frage? Dann schau hier mal rein.<\/p>\n\n\n\n<p class=\"has-text-align-center\"><strong><a href=\"https:\/\/ogv-oeffingen.de\/?page_id=2511\" data-type=\"page\" data-id=\"2511\">Hier geht es zu den Gartentipps &gt;<\/a><\/strong><\/p>\n<\/div>\n\n\n\n<div class=\"wp-block-column is-layout-flow wp-block-column-is-layout-flow\">\n<div class=\"wp-block-columns has-nv-c-1-background-color has-background is-layout-flex wp-container-core-columns-is-layout-9d6595d7 wp-block-columns-is-layout-flex\">\n<div class=\"wp-block-column is-layout-flow wp-block-column-is-layout-flow\" style=\"flex-basis:25%\"><\/div>\n\n\n\n<div class=\"wp-block-column is-layout-flow wp-block-column-is-layout-flow\" style=\"flex-basis:77%\">\n<figure class=\"wp-block-image size-large is-resized\"><a href=\"https:\/\/ogv-oeffingen.de\/?page_id=42\"><img loading=\"lazy\" decoding=\"async\" width=\"1024\" height=\"681\" src=\"https:\/\/ogv-oeffingen.de\/wp-content\/uploads\/2022\/03\/L1001167-Gross-1024x681.jpeg\" alt=\"\" class=\"wp-image-1508\" style=\"width:269px;height:178px\" srcset=\"https:\/\/ogv-oeffingen.de\/wp-content\/uploads\/2022\/03\/L1001167-Gross-1024x681.jpeg 1024w, https:\/\/ogv-oeffingen.de\/wp-content\/uploads\/2022\/03\/L1001167-Gross-300x199.jpeg 300w, https:\/\/ogv-oeffingen.de\/wp-content\/uploads\/2022\/03\/L1001167-Gross-768x511.jpeg 768w, https:\/\/ogv-oeffingen.de\/wp-content\/uploads\/2022\/03\/L1001167-Gross.jpeg 1280w\" sizes=\"auto, (max-width: 1024px) 100vw, 1024px\" \/><\/a><\/figure>\n<\/div>\n\n\n\n<div class=\"wp-block-column is-layout-flow wp-block-column-is-layout-flow\" style=\"flex-basis:25%\"><\/div>\n<\/div>\n\n\n\n<p class=\"has-text-align-center has-medium-font-size\"><strong>Links<\/strong><\/p>\n\n\n\n<p class=\"has-text-align-center\">Ob Streuobstwiese, Buchsbaumz\u00fcnsler oder Pflanzenschutz. Falls du weiterf\u00fchrendes Material suchst, bist du hier richtig.<\/p>\n\n\n\n<p class=\"has-text-align-center\"><strong><a href=\"https:\/\/ogv-oeffingen.de\/?page_id=42\" data-type=\"page\" data-id=\"42\">Hier findest du interessante Links &gt;<\/a><\/strong><\/p>\n<\/div>\n<\/div>\n\n\n\n<hr class=\"wp-block-separator aligncenter has-alpha-channel-opacity\"\/>\n\n\n\n<div style=\"height:50px\" aria-hidden=\"true\" class=\"wp-block-spacer\"><\/div>\n\n\n\n<div class=\"wp-block-columns is-layout-flex wp-container-core-columns-is-layout-9d6595d7 wp-block-columns-is-layout-flex\">\n<div class=\"wp-block-column is-layout-flow wp-block-column-is-layout-flow\">\n<div class=\"wp-block-columns is-layout-flex wp-container-core-columns-is-layout-9d6595d7 wp-block-columns-is-layout-flex\">\n<div class=\"wp-block-column is-layout-flow wp-block-column-is-layout-flow\">\n<div class=\"wp-block-columns is-layout-flex wp-container-core-columns-is-layout-9d6595d7 wp-block-columns-is-layout-flex\">\n<div class=\"wp-block-column has-nv-c-1-background-color has-background is-layout-flow wp-block-column-is-layout-flow\">\n<div style=\"height:50px\" aria-hidden=\"true\" class=\"wp-block-spacer\"><\/div>\n\n\n\n<p class=\"has-text-align-center has-nv-text-dark-bg-color has-text-color has-medium-font-size\"><strong>Das k\u00f6nnte dich auch interessieren<\/strong><\/p>\n<\/div>\n\n\n\n<div class=\"wp-block-column is-layout-flow wp-block-column-is-layout-flow\">\n<figure class=\"wp-block-image size-large\"><a href=\"https:\/\/ogv-oeffingen.de\/?page_id=14\"><img loading=\"lazy\" decoding=\"async\" width=\"1024\" height=\"681\" src=\"https:\/\/ogv-oeffingen.de\/wp-content\/uploads\/2022\/11\/08_STOW_2_Pflanztag_Wiese_Scheuer-4-1024x681.jpg\" alt=\"\" class=\"wp-image-2567\" srcset=\"https:\/\/ogv-oeffingen.de\/wp-content\/uploads\/2022\/11\/08_STOW_2_Pflanztag_Wiese_Scheuer-4-1024x681.jpg 1024w, https:\/\/ogv-oeffingen.de\/wp-content\/uploads\/2022\/11\/08_STOW_2_Pflanztag_Wiese_Scheuer-4-300x200.jpg 300w, https:\/\/ogv-oeffingen.de\/wp-content\/uploads\/2022\/11\/08_STOW_2_Pflanztag_Wiese_Scheuer-4-768x511.jpg 768w, https:\/\/ogv-oeffingen.de\/wp-content\/uploads\/2022\/11\/08_STOW_2_Pflanztag_Wiese_Scheuer-4-1536x1021.jpg 1536w, https:\/\/ogv-oeffingen.de\/wp-content\/uploads\/2022\/11\/08_STOW_2_Pflanztag_Wiese_Scheuer-4.jpg 2000w\" sizes=\"auto, (max-width: 1024px) 100vw, 1024px\" \/><\/a><\/figure>\n\n\n\n<div style=\"height:15px\" aria-hidden=\"true\" class=\"wp-block-spacer\"><\/div>\n\n\n\n<p><a href=\"https:\/\/ogv-oeffingen.de\/?page_id=14\" data-type=\"page\" data-id=\"14\"><strong>Mitglied werden &gt;<\/strong><\/a><\/p>\n<\/div>\n<\/div>\n<\/div>\n\n\n\n<div class=\"wp-block-column is-layout-flow wp-block-column-is-layout-flow\">\n<div class=\"wp-block-columns is-layout-flex wp-container-core-columns-is-layout-9d6595d7 wp-block-columns-is-layout-flex\">\n<div class=\"wp-block-column is-layout-flow wp-block-column-is-layout-flow\">\n<figure class=\"wp-block-image size-full\"><a href=\"https:\/\/ogv-oeffingen.de\/?page_id=1601\"><img loading=\"lazy\" decoding=\"async\" width=\"850\" height=\"566\" src=\"https:\/\/ogv-oeffingen.de\/wp-content\/uploads\/2022\/11\/Titel_STOW_Pflanztag_Spaten.png\" alt=\"\" class=\"wp-image-2519\" srcset=\"https:\/\/ogv-oeffingen.de\/wp-content\/uploads\/2022\/11\/Titel_STOW_Pflanztag_Spaten.png 850w, https:\/\/ogv-oeffingen.de\/wp-content\/uploads\/2022\/11\/Titel_STOW_Pflanztag_Spaten-300x200.png 300w, https:\/\/ogv-oeffingen.de\/wp-content\/uploads\/2022\/11\/Titel_STOW_Pflanztag_Spaten-768x511.png 768w\" sizes=\"auto, (max-width: 850px) 100vw, 850px\" \/><\/a><\/figure>\n\n\n\n<div style=\"height:15px\" aria-hidden=\"true\" class=\"wp-block-spacer\"><\/div>\n\n\n\n<p><strong><a href=\"https:\/\/ogv-oeffingen.de\/?page_id=1601\" data-type=\"page\" data-id=\"1601\">Aktiv-Mitglied werden &gt;<\/a><\/strong><\/p>\n\n\n\n<div style=\"height:15px\" aria-hidden=\"true\" class=\"wp-block-spacer\"><\/div>\n<\/div>\n\n\n\n<div class=\"wp-block-column is-layout-flow wp-block-column-is-layout-flow\">\n<figure class=\"wp-block-image size-large\"><a href=\"https:\/\/ogv-oeffingen.de\/?page_id=44\"><img loading=\"lazy\" decoding=\"async\" width=\"1024\" height=\"681\" src=\"https:\/\/ogv-oeffingen.de\/wp-content\/uploads\/2022\/11\/08_STOW_2_Pflanztag_Wiese_Scheuer-12-1024x681.jpg\" alt=\"\" class=\"wp-image-2575\" srcset=\"https:\/\/ogv-oeffingen.de\/wp-content\/uploads\/2022\/11\/08_STOW_2_Pflanztag_Wiese_Scheuer-12-1024x681.jpg 1024w, https:\/\/ogv-oeffingen.de\/wp-content\/uploads\/2022\/11\/08_STOW_2_Pflanztag_Wiese_Scheuer-12-300x200.jpg 300w, https:\/\/ogv-oeffingen.de\/wp-content\/uploads\/2022\/11\/08_STOW_2_Pflanztag_Wiese_Scheuer-12-768x511.jpg 768w, https:\/\/ogv-oeffingen.de\/wp-content\/uploads\/2022\/11\/08_STOW_2_Pflanztag_Wiese_Scheuer-12-1536x1021.jpg 1536w, https:\/\/ogv-oeffingen.de\/wp-content\/uploads\/2022\/11\/08_STOW_2_Pflanztag_Wiese_Scheuer-12.jpg 2000w\" sizes=\"auto, (max-width: 1024px) 100vw, 1024px\" \/><\/a><\/figure>\n\n\n\n<div style=\"height:15px\" aria-hidden=\"true\" class=\"wp-block-spacer\"><\/div>\n\n\n\n<p><strong><a href=\"https:\/\/ogv-oeffingen.de\/?page_id=44\" data-type=\"page\" data-id=\"44\">Schwarzes Bett &gt;<\/a><\/strong><\/p>\n<\/div>\n<\/div>\n<\/div>\n<\/div>\n<\/div>\n<\/div>\n","protected":false},"excerpt":{"rendered":"<p>F\u00fcr alle, die mehr wissen wollen Eberhards Gartentipps Du brauchst ein paar gute Tipps f\u00fcr dein Gem\u00fcsebeet oder hast vielleicht eine konkrete Frage? Dann schau hier mal rein. Hier geht&hellip;&nbsp;<a href=\"https:\/\/ogv-oeffingen.de\/?page_id=3779\" rel=\"bookmark\">Weiterlesen &raquo;<span class=\"screen-reader-text\">Tipps &#038; Links<\/span><\/a><\/p>\n","protected":false},"author":5,"featured_media":0,"parent":0,"menu_order":0,"comment_status":"closed","ping_status":"closed","template":"","meta":{"_uag_custom_page_level_css":"","neve_meta_sidebar":"","neve_meta_container":"","neve_meta_enable_content_width":"","neve_meta_content_width":0,"neve_meta_title_alignment":"","neve_meta_author_avatar":"","neve_post_elements_order":"","neve_meta_disable_header":"","neve_meta_disable_footer":"","neve_meta_disable_title":"","_EventAllDay":false,"_EventTimezone":"","_EventStartDate":"","_EventEndDate":"","_EventStartDateUTC":"","_EventEndDateUTC":"","_EventShowMap":false,"_EventShowMapLink":false,"_EventURL":"","_EventCost":"","_EventCostDescription":"","_EventCurrencySymbol":"","_EventCurrencyCode":"","_EventCurrencyPosition":"","_EventDateTimeSeparator":"","_EventTimeRangeSeparator":"","_EventOrganizerID":[],"_EventVenueID":[],"_OrganizerEmail":"","_OrganizerPhone":"","_OrganizerWebsite":"","_VenueAddress":"","_VenueCity":"","_VenueCountry":"","_VenueProvince":"","_VenueState":"","_VenueZip":"","_VenuePhone":"","_VenueURL":"","_VenueStateProvince":"","_VenueLat":"","_VenueLng":"","_VenueShowMap":false,"_VenueShowMapLink":false,"footnotes":""},"class_list":["post-3779","page","type-page","status-publish","hentry"],"featured_image_src":null,"yoast_head":"<!-- This site is optimized with the Yoast SEO plugin v27.4 - https:\/\/yoast.com\/product\/yoast-seo-wordpress\/ -->\n<title>Tipps &amp; Links - Obst- und Gartenbauverein Oeffingen e.V.<\/title>\n<meta name=\"robots\" content=\"index, follow, max-snippet:-1, max-image-preview:large, max-video-preview:-1\" \/>\n<link rel=\"canonical\" href=\"https:\/\/ogv-oeffingen.de\/?page_id=3779\" \/>\n<meta property=\"og:locale\" content=\"de_DE\" \/>\n<meta property=\"og:type\" content=\"article\" \/>\n<meta property=\"og:title\" content=\"Tipps &amp; Links - Obst- und Gartenbauverein Oeffingen e.V.\" \/>\n<meta property=\"og:description\" content=\"F\u00fcr alle, die mehr wissen wollen Eberhards Gartentipps Du brauchst ein paar gute Tipps f\u00fcr dein Gem\u00fcsebeet oder hast vielleicht eine konkrete Frage? Dann schau hier mal rein. Hier geht&hellip;&nbsp;Weiterlesen &raquo;Tipps &#038; Links\" \/>\n<meta property=\"og:url\" content=\"https:\/\/ogv-oeffingen.de\/?page_id=3779\" \/>\n<meta property=\"og:site_name\" content=\"Obst- und Gartenbauverein Oeffingen e.V.\" \/>\n<meta property=\"article:modified_time\" content=\"2023-12-02T14:57:27+00:00\" \/>\n<meta property=\"og:image\" content=\"https:\/\/ogv-oeffingen.de\/wp-content\/uploads\/2022\/11\/08_STOW_2_Pflanztag_Wiese_Scheuer-4.jpg\" \/>\n\t<meta property=\"og:image:width\" content=\"2000\" \/>\n\t<meta property=\"og:image:height\" content=\"1330\" \/>\n\t<meta property=\"og:image:type\" content=\"image\/jpeg\" \/>\n<meta name=\"twitter:card\" content=\"summary_large_image\" \/>\n<meta name=\"twitter:label1\" content=\"Gesch\u00e4tzte Lesezeit\" \/>\n\t<meta name=\"twitter:data1\" content=\"1\u00a0Minute\" \/>\n<script type=\"application\/ld+json\" class=\"yoast-schema-graph\">{\"@context\":\"https:\\\/\\\/schema.org\",\"@graph\":[{\"@type\":\"WebPage\",\"@id\":\"https:\\\/\\\/ogv-oeffingen.de\\\/?page_id=3779\",\"url\":\"https:\\\/\\\/ogv-oeffingen.de\\\/?page_id=3779\",\"name\":\"Tipps & Links - Obst- und Gartenbauverein Oeffingen e.V.\",\"isPartOf\":{\"@id\":\"https:\\\/\\\/ogv-oeffingen.de\\\/#website\"},\"primaryImageOfPage\":{\"@id\":\"https:\\\/\\\/ogv-oeffingen.de\\\/?page_id=3779#primaryimage\"},\"image\":{\"@id\":\"https:\\\/\\\/ogv-oeffingen.de\\\/?page_id=3779#primaryimage\"},\"thumbnailUrl\":\"https:\\\/\\\/ogv-oeffingen.de\\\/wp-content\\\/uploads\\\/2022\\\/11\\\/08_STOW_2_Pflanztag_Wiese_Scheuer-4-300x200.jpg\",\"datePublished\":\"2023-04-02T13:14:34+00:00\",\"dateModified\":\"2023-12-02T14:57:27+00:00\",\"breadcrumb\":{\"@id\":\"https:\\\/\\\/ogv-oeffingen.de\\\/?page_id=3779#breadcrumb\"},\"inLanguage\":\"de\",\"potentialAction\":[{\"@type\":\"ReadAction\",\"target\":[\"https:\\\/\\\/ogv-oeffingen.de\\\/?page_id=3779\"]}]},{\"@type\":\"ImageObject\",\"inLanguage\":\"de\",\"@id\":\"https:\\\/\\\/ogv-oeffingen.de\\\/?page_id=3779#primaryimage\",\"url\":\"https:\\\/\\\/ogv-oeffingen.de\\\/wp-content\\\/uploads\\\/2022\\\/11\\\/08_STOW_2_Pflanztag_Wiese_Scheuer-4.jpg\",\"contentUrl\":\"https:\\\/\\\/ogv-oeffingen.de\\\/wp-content\\\/uploads\\\/2022\\\/11\\\/08_STOW_2_Pflanztag_Wiese_Scheuer-4.jpg\",\"width\":2000,\"height\":1330},{\"@type\":\"BreadcrumbList\",\"@id\":\"https:\\\/\\\/ogv-oeffingen.de\\\/?page_id=3779#breadcrumb\",\"itemListElement\":[{\"@type\":\"ListItem\",\"position\":1,\"name\":\"Startseite\",\"item\":\"https:\\\/\\\/ogv-oeffingen.de\\\/\"},{\"@type\":\"ListItem\",\"position\":2,\"name\":\"Tipps &#038; Links\"}]},{\"@type\":\"WebSite\",\"@id\":\"https:\\\/\\\/ogv-oeffingen.de\\\/#website\",\"url\":\"https:\\\/\\\/ogv-oeffingen.de\\\/\",\"name\":\"Obst- und Gartenbauverein Oeffingen e.V.\",\"description\":\"\",\"publisher\":{\"@id\":\"https:\\\/\\\/ogv-oeffingen.de\\\/#organization\"},\"potentialAction\":[{\"@type\":\"SearchAction\",\"target\":{\"@type\":\"EntryPoint\",\"urlTemplate\":\"https:\\\/\\\/ogv-oeffingen.de\\\/?s={search_term_string}\"},\"query-input\":{\"@type\":\"PropertyValueSpecification\",\"valueRequired\":true,\"valueName\":\"search_term_string\"}}],\"inLanguage\":\"de\"},{\"@type\":\"Organization\",\"@id\":\"https:\\\/\\\/ogv-oeffingen.de\\\/#organization\",\"name\":\"Obst- und Gartenbauverein Oeffingen e.V.\",\"url\":\"https:\\\/\\\/ogv-oeffingen.de\\\/\",\"logo\":{\"@type\":\"ImageObject\",\"inLanguage\":\"de\",\"@id\":\"https:\\\/\\\/ogv-oeffingen.de\\\/#\\\/schema\\\/logo\\\/image\\\/\",\"url\":\"https:\\\/\\\/ogv-oeffingen.de\\\/wp-content\\\/uploads\\\/2021\\\/07\\\/OGV_Logo_03.jpg\",\"contentUrl\":\"https:\\\/\\\/ogv-oeffingen.de\\\/wp-content\\\/uploads\\\/2021\\\/07\\\/OGV_Logo_03.jpg\",\"width\":1013,\"height\":1127,\"caption\":\"Obst- und Gartenbauverein Oeffingen e.V.\"},\"image\":{\"@id\":\"https:\\\/\\\/ogv-oeffingen.de\\\/#\\\/schema\\\/logo\\\/image\\\/\"},\"sameAs\":[\"https:\\\/\\\/www.instagram.com\\\/ogv_oeffingen\"]}]}<\/script>\n<!-- \/ Yoast SEO plugin. -->","yoast_head_json":{"title":"Tipps & Links - Obst- und Gartenbauverein Oeffingen e.V.","robots":{"index":"index","follow":"follow","max-snippet":"max-snippet:-1","max-image-preview":"max-image-preview:large","max-video-preview":"max-video-preview:-1"},"canonical":"https:\/\/ogv-oeffingen.de\/?page_id=3779","og_locale":"de_DE","og_type":"article","og_title":"Tipps & Links - Obst- und Gartenbauverein Oeffingen e.V.","og_description":"F\u00fcr alle, die mehr wissen wollen Eberhards Gartentipps Du brauchst ein paar gute Tipps f\u00fcr dein Gem\u00fcsebeet oder hast vielleicht eine konkrete Frage? Dann schau hier mal rein. Hier geht&hellip;&nbsp;Weiterlesen &raquo;Tipps &#038; Links","og_url":"https:\/\/ogv-oeffingen.de\/?page_id=3779","og_site_name":"Obst- und Gartenbauverein Oeffingen e.V.","article_modified_time":"2023-12-02T14:57:27+00:00","og_image":[{"width":2000,"height":1330,"url":"https:\/\/ogv-oeffingen.de\/wp-content\/uploads\/2022\/11\/08_STOW_2_Pflanztag_Wiese_Scheuer-4.jpg","type":"image\/jpeg"}],"twitter_card":"summary_large_image","twitter_misc":{"Gesch\u00e4tzte Lesezeit":"1\u00a0Minute"},"schema":{"@context":"https:\/\/schema.org","@graph":[{"@type":"WebPage","@id":"https:\/\/ogv-oeffingen.de\/?page_id=3779","url":"https:\/\/ogv-oeffingen.de\/?page_id=3779","name":"Tipps & Links - Obst- und Gartenbauverein Oeffingen e.V.","isPartOf":{"@id":"https:\/\/ogv-oeffingen.de\/#website"},"primaryImageOfPage":{"@id":"https:\/\/ogv-oeffingen.de\/?page_id=3779#primaryimage"},"image":{"@id":"https:\/\/ogv-oeffingen.de\/?page_id=3779#primaryimage"},"thumbnailUrl":"https:\/\/ogv-oeffingen.de\/wp-content\/uploads\/2022\/11\/08_STOW_2_Pflanztag_Wiese_Scheuer-4-300x200.jpg","datePublished":"2023-04-02T13:14:34+00:00","dateModified":"2023-12-02T14:57:27+00:00","breadcrumb":{"@id":"https:\/\/ogv-oeffingen.de\/?page_id=3779#breadcrumb"},"inLanguage":"de","potentialAction":[{"@type":"ReadAction","target":["https:\/\/ogv-oeffingen.de\/?page_id=3779"]}]},{"@type":"ImageObject","inLanguage":"de","@id":"https:\/\/ogv-oeffingen.de\/?page_id=3779#primaryimage","url":"https:\/\/ogv-oeffingen.de\/wp-content\/uploads\/2022\/11\/08_STOW_2_Pflanztag_Wiese_Scheuer-4.jpg","contentUrl":"https:\/\/ogv-oeffingen.de\/wp-content\/uploads\/2022\/11\/08_STOW_2_Pflanztag_Wiese_Scheuer-4.jpg","width":2000,"height":1330},{"@type":"BreadcrumbList","@id":"https:\/\/ogv-oeffingen.de\/?page_id=3779#breadcrumb","itemListElement":[{"@type":"ListItem","position":1,"name":"Startseite","item":"https:\/\/ogv-oeffingen.de\/"},{"@type":"ListItem","position":2,"name":"Tipps &#038; Links"}]},{"@type":"WebSite","@id":"https:\/\/ogv-oeffingen.de\/#website","url":"https:\/\/ogv-oeffingen.de\/","name":"Obst- und Gartenbauverein Oeffingen e.V.","description":"","publisher":{"@id":"https:\/\/ogv-oeffingen.de\/#organization"},"potentialAction":[{"@type":"SearchAction","target":{"@type":"EntryPoint","urlTemplate":"https:\/\/ogv-oeffingen.de\/?s={search_term_string}"},"query-input":{"@type":"PropertyValueSpecification","valueRequired":true,"valueName":"search_term_string"}}],"inLanguage":"de"},{"@type":"Organization","@id":"https:\/\/ogv-oeffingen.de\/#organization","name":"Obst- und Gartenbauverein Oeffingen e.V.","url":"https:\/\/ogv-oeffingen.de\/","logo":{"@type":"ImageObject","inLanguage":"de","@id":"https:\/\/ogv-oeffingen.de\/#\/schema\/logo\/image\/","url":"https:\/\/ogv-oeffingen.de\/wp-content\/uploads\/2021\/07\/OGV_Logo_03.jpg","contentUrl":"https:\/\/ogv-oeffingen.de\/wp-content\/uploads\/2021\/07\/OGV_Logo_03.jpg","width":1013,"height":1127,"caption":"Obst- und Gartenbauverein Oeffingen e.V."},"image":{"@id":"https:\/\/ogv-oeffingen.de\/#\/schema\/logo\/image\/"},"sameAs":["https:\/\/www.instagram.com\/ogv_oeffingen"]}]}},"uagb_featured_image_src":{"full":false,"thumbnail":false,"medium":false,"medium_large":false,"large":false,"1536x1536":false,"2048x2048":false,"neve-blog":false},"uagb_author_info":{"display_name":"Uli Neumann","author_link":"https:\/\/ogv-oeffingen.de\/?author=5"},"uagb_comment_info":0,"uagb_excerpt":"F\u00fcr alle, die mehr wissen wollen Eberhards Gartentipps Du brauchst ein paar gute Tipps f\u00fcr dein Gem\u00fcsebeet oder hast vielleicht eine konkrete Frage? Dann schau hier mal rein. Hier geht&hellip;&nbsp;Weiterlesen &raquo;Tipps &#038; Links","_links":{"self":[{"href":"https:\/\/ogv-oeffingen.de\/index.php?rest_route=\/wp\/v2\/pages\/3779","targetHints":{"allow":["GET"]}}],"collection":[{"href":"https:\/\/ogv-oeffingen.de\/index.php?rest_route=\/wp\/v2\/pages"}],"about":[{"href":"https:\/\/ogv-oeffingen.de\/index.php?rest_route=\/wp\/v2\/types\/page"}],"author":[{"embeddable":true,"href":"https:\/\/ogv-oeffingen.de\/index.php?rest_route=\/wp\/v2\/users\/5"}],"replies":[{"embeddable":true,"href":"https:\/\/ogv-oeffingen.de\/index.php?rest_route=%2Fwp%2Fv2%2Fcomments&post=3779"}],"version-history":[{"count":21,"href":"https:\/\/ogv-oeffingen.de\/index.php?rest_route=\/wp\/v2\/pages\/3779\/revisions"}],"predecessor-version":[{"id":4499,"href":"https:\/\/ogv-oeffingen.de\/index.php?rest_route=\/wp\/v2\/pages\/3779\/revisions\/4499"}],"wp:attachment":[{"href":"https:\/\/ogv-oeffingen.de\/index.php?rest_route=%2Fwp%2Fv2%2Fmedia&parent=3779"}],"curies":[{"name":"wp","href":"https:\/\/api.w.org\/{rel}","templated":true}]}}